{"id":239,"date":"2023-04-08T17:20:52","date_gmt":"2023-04-08T17:20:52","guid":{"rendered":"http:\/\/odamn.fr\/?page_id=239"},"modified":"2026-02-17T20:28:02","modified_gmt":"2026-02-17T20:28:02","slug":"mentions-legales","status":"publish","type":"page","link":"https:\/\/odamn.fr\/?page_id=239","title":{"rendered":"Mentions l\u00e9gales"},"content":{"rendered":"\n[et_pb_section fb_built=\u00a0\u00bb1&Prime; _builder_version=\u00a0\u00bb4.9.6&Prime; _module_preset=\u00a0\u00bbdefault\u00a0\u00bb custom_padding=\u00a0\u00bb0px|||||\u00a0\u00bb][et_pb_row _builder_version=\u00a0\u00bb4.9.6&Prime; _module_preset=\u00a0\u00bbdefault\u00a0\u00bb custom_padding=\u00a0\u00bb0px||0px|||\u00a0\u00bb][et_pb_column type=\u00a0\u00bb4_4&Prime; _builder_version=\u00a0\u00bb4.9.6&Prime; _module_preset=\u00a0\u00bbdefault\u00a0\u00bb][et_pb_text _builder_version=\u00a0\u00bb4.9.6&Prime; _module_preset=\u00a0\u00bbdefault\u00a0\u00bb custom_margin=\u00a0\u00bb-19px|||||\u00a0\u00bb]\n<blockquote>\n<p style=\"text-align: left;\"><strong style=\"font-size: 14px;\">PROPRI\u00c9T\u00c9<\/strong><\/p>\n<p style=\"text-align: left;\">Propri\u00e9taire\u2009du site : ODAMN.<\/p>\n<p style=\"text-align: left;\">SIRET : 900 823 253 00019<\/p>\n<p style=\"text-align: left;\">Forme juridique\u2009: Entreprise individuelle<\/p>\n<p style=\"text-align: left;\">Si\u00e8ge social : 1 imp des jardins 27140 GISORS<\/p>\n<p style=\"text-align: left;\">T\u00e9l\u00e9phone\u2009: 06.12.02.13.69<\/p>\n<\/blockquote>\n[\/et_pb_text][et_pb_text _builder_version=\u00a0\u00bb4.9.6&Prime; _module_preset=\u00a0\u00bbdefault\u00a0\u00bb custom_padding=\u00a0\u00bb||0px|||\u00a0\u00bb]\n<blockquote><b>CR\u00c9ATION<\/b>\n\n<a href=\"https:\/\/agenceistudio.fr\/\" style=\"font-size: 14px;\"><\/a>\n\nCr\u00e9atrice du site : Margot Valette\nAgence de communication : ODAMN.\n\n<span style=\"font-size: 14px;\"><\/span><a href=\"https:\/\/agenceistudio.fr\/\" style=\"font-size: 14px;\"><\/a>\n\nSi\u00e8ge social : 1 imp des jardins 27140 Gisors\nT\u00e9l\u00e9phone\u2009: 06.12.02.13.69\nE-mail : margo@odamn.fr<\/blockquote>\n[\/et_pb_text][\/et_pb_column][\/et_pb_row][et_pb_row _builder_version=\u00a0\u00bb4.9.6&Prime; _module_preset=\u00a0\u00bbdefault\u00a0\u00bb][et_pb_column type=\u00a0\u00bb4_4&Prime; _builder_version=\u00a0\u00bb4.9.6&Prime; _module_preset=\u00a0\u00bbdefault\u00a0\u00bb][et_pb_text _builder_version=\u00a0\u00bb4.9.6&Prime; _module_preset=\u00a0\u00bbdefault\u00a0\u00bb]\n\n<b>PROPRI\u00c9T\u00c9S INTELLECTUELLES<\/b>\n\nCr\u00e9atrice et propri\u00e9taire du site, Margot Valette, d\u00e9tient les droits de propri\u00e9t\u00e9 intellectuelle, les droits d\u2019auteurs et les droits d\u2019usage sur l\u2019enti\u00e8ret\u00e9 du contenu et des \u00e9l\u00e9ments accessibles sur le site (textes, visuels, graphismes, logo, pictogrammes\u2026).&nbsp;\n\nToute reproduction, repr\u00e9sentation, modification, publication, adaptation de tout ou partie des \u00e9l\u00e9ments du site, quel que soit le moyen ou le proc\u00e9d\u00e9 utilis\u00e9, est interdite.\n\nToute exploitation non autoris\u00e9e du site sera consid\u00e9r\u00e9e comme constitutive d\u2019une contrefa\u00e7on et poursuivie conform\u00e9ment aux dispositions des articles L.335-2 et suivants du Code de la Propri\u00e9t\u00e9 Intellectuelle.\n\n<b>GESTION DES DONN\u00c9ES PERSONNELLES<\/b>\n\nEn France, les donn\u00e9es personnelles sont notamment prot\u00e9g\u00e9es par la loi n\u00b0\u202f78-87 du 6\u202fjanvier 1978, la loi n\u00b0\u202f2004-801 du 6\u202fao\u00fbt 2004, l\u2019article L. 226-13 du Code p\u00e9nal et la Directive Europ\u00e9enne du 24\u202foctobre 1995.\n\n\u00c0 l\u2019occasion de l\u2019utilisation certaines donn\u00e9es peuvent \u00eatre recueillies\u2009: Origine g\u00e9ographique, page visite, temps rest\u00e9 sur la page\u2026\n\nEn tout \u00e9tat de cause le site ne collecte des informations personnelles relatives \u00e0 l\u2019utilisateur que pour le besoin de certains services propos\u00e9s. L\u2019utilisateur fournit ces informations en toute connaissance de cause, notamment lorsqu\u2019il proc\u00e8de par lui-m\u00eame \u00e0 leur saisie. Il est alors pr\u00e9cis\u00e9 \u00e0 l\u2019utilisateur l\u2019obligation ou non de fournir ces informations.\n\n<b>DROIT D\u2019ACC\u00c8S, DE RECTIFICATION ET D\u2019OPPOSITION AUX DONN\u00c9ES<\/b>\n\nConform\u00e9ment aux dispositions des articles\u202f38 et suivants de la loi 78-17 du 6\u202fjanvier 1978 relative \u00e0 l\u2019informatique, aux fichiers et aux libert\u00e9s, tout utilisateur dispose d\u2019un droit d\u2019acc\u00e8s, de rectification et d\u2019opposition aux donn\u00e9es personnelles le concernant, en effectuant sa demande \u00e0 margo@odamn.fr\n\nAucune information personnelle de l\u2019utilisateur n\u2019est publi\u00e9e \u00e0 son insu, \u00e9chang\u00e9e, transf\u00e9r\u00e9e, c\u00e9d\u00e9e ou vendue sur un support quelconque \u00e0 des tiers.\n\n<b>COOKIES<\/b>\n\nCookies de Statistiques Google Analytics\nCes cookies permettent d\u2019\u00e9tablir des statistiques de fr\u00e9quentation du site et de d\u00e9tecter des probl\u00e8mes de navigation afin de suivre et d\u2019am\u00e9liorer la qualit\u00e9 de nos services.&nbsp;Aucune donn\u00e9e permettant d\u2019identifier les utilisateurs n\u2019est recueillie.\n\nODAMN. utilise le cookie publicitaire pixel Facebook destin\u00e9 \u00e0 collecter des donn\u00e9es relatives au profil des utilisateurs. Il permet \u00e9galement de mesurer l\u2019efficacit\u00e9 d\u2019une publicit\u00e9 ou d\u2019une page et de mieux l\u2019adapter aux centres d\u2019int\u00e9r\u00eat de l\u2019utilisateur.\n\nLes cookies sont conserv\u00e9s 6 mois sur votre ordinateur.\n\n<b>Cookies de Connexion<\/b>\n\nCes cookies permettent au site de savoir que vous \u00eates connect\u00e9 avec votre compte client afin d\u2019avoir acc\u00e8s \u00e0 la partie priv\u00e9 du site.\nLes cookies de connexion sont conserv\u00e9s 3 ans maximum.\n\n<b>Exercez vos choix selon le navigateur que vous utilisez<\/b>\n\nVous pouvez \u00e0 tout moment param\u00e9trer votre navigateur afin d\u2019exprimer et de modifier vos souhaits en mati\u00e8re de cookies et notamment concernant les cookies de statistiques. Vous pouvez exprimer vos choix en param\u00e9trant votre navigateur de fa\u00e7on \u00e0 refuser certains cookies.\n\nVous pouvez aussi \u00e0 tout moment cliquer sur le bouton \u201cCHANGER LES COOKIES\u201d disponible sur site internet.\n\n<b>FORMULAIRES DE CONTACT<\/b>\n\nLes informations recueillies sur ces formulaires sont enregistr\u00e9es dans un e-mail et sont conserv\u00e9es pendant 3 ans. Elles sont utilis\u00e9es uniquement pour recontacter l\u2019utilisateur et r\u00e9pondre \u00e0 sa demande.\n\nConform\u00e9ment \u00e0 la loi \u00ab informatique et libert\u00e9s \u00bb, vous pouvez exercer votre droit d\u2019acc\u00e8s aux donn\u00e9es vous concernant et les faire rectifier en contactant : margo@odamn.fr\n\n<b>DROIT APPLICABLE ET ATTRIBUTION DE JURIDICTION<\/b>\n\nTout litige en relation avec l\u2019utilisation du site est soumis au droit fran\u00e7ais. Il est fait attribution exclusive de juridiction aux tribunaux comp\u00e9tents de Paris.\n\n[\/et_pb_text][\/et_pb_column][\/et_pb_row][et_pb_row column_structure=\u00a0\u00bb2_5,3_5&Prime; _builder_version=\u00a0\u00bb4.9.6&Prime; _module_preset=\u00a0\u00bbdefault\u00a0\u00bb][et_pb_column type=\u00a0\u00bb2_5&Prime; _builder_version=\u00a0\u00bb4.9.6&Prime; _module_preset=\u00a0\u00bbdefault\u00a0\u00bb][et_pb_text _builder_version=\u00a0\u00bb4.9.6&Prime; _module_preset=\u00a0\u00bbdefault\u00a0\u00bb hover_enabled=\u00a0\u00bb0&Prime; sticky_enabled=\u00a0\u00bb0&Prime;]\n<p style=\"text-align: center;\"><b><\/b><strong><span style=\"font-size: 14px;\">RESPONSABLE PUBLICATION<\/span><\/strong><\/p>\n<p style=\"text-align: center;\">Editrice : Margot Valette\n06.12.02.13.69\n<a href=\"mailto:margo@odamn.fr\">margo@odamn.fr<\/a><\/p>\n\n<blockquote><\/blockquote>\n[\/et_pb_text][\/et_pb_column][et_pb_column type=\u00a0\u00bb3_5&Prime; _builder_version=\u00a0\u00bb4.9.6&Prime; _module_preset=\u00a0\u00bbdefault\u00a0\u00bb][et_pb_text _builder_version=\u00a0\u00bb4.9.6&Prime; _module_preset=\u00a0\u00bbdefault\u00a0\u00bb custom_padding=\u00a0\u00bb||0px|||\u00a0\u00bb hover_enabled=\u00a0\u00bb0&Prime; sticky_enabled=\u00a0\u00bb0&Prime;]\n<p style=\"text-align: center;\"><b>H\u00c9BERGEUR WEB<\/b><\/p>\n<p style=\"text-align: center;\">Kaunas, Lituanie&nbsp;Hostinger, UAB\nJonavos g. 60C, 44192\n<a href=\"https:\/\/www.hostinger.fr\/contact\">www.hostinger.fr<\/a><\/p>\n[\/et_pb_text][\/et_pb_column][\/et_pb_row][\/et_pb_section]\n","protected":false},"excerpt":{"rendered":"<p>PROPRI\u00c9T\u00c9 Propri\u00e9taire\u2009du site : ODAMN. SIRET : 900 823 253 00019 Forme juridique\u2009: Entreprise individuelle Si\u00e8ge social : 1 imp des jardins 27140 GISORS T\u00e9l\u00e9phone\u2009: 06.12.02.13.69 CR\u00c9ATION Cr\u00e9atrice du site : Margot Valette Agence de communication : ODAMN. Si\u00e8ge social : 1 imp des jardins 27140 Gisors T\u00e9l\u00e9phone\u2009: 06.12.02.13.69 E-mail : margo@odamn.fr PROPRI\u00c9T\u00c9S INTELLECTUELLES Cr\u00e9atrice [&hellip;]<\/p>\n","protected":false},"author":1,"featured_media":0,"parent":0,"menu_order":0,"comment_status":"closed","ping_status":"closed","template":"","meta":{"_et_pb_use_builder":"on","_et_pb_old_content":"","_et_gb_content_width":"","_monsterinsights_skip_tracking":false,"_monsterinsights_sitenote_active":false,"_monsterinsights_sitenote_note":"","_monsterinsights_sitenote_category":0,"_vp_format_video_url":"","_vp_image_focal_point":[],"footnotes":""},"class_list":["post-239","page","type-page","status-publish","hentry"],"aioseo_notices":[],"_links":{"self":[{"href":"https:\/\/odamn.fr\/index.php?rest_route=\/wp\/v2\/pages\/239","targetHints":{"allow":["GET"]}}],"collection":[{"href":"https:\/\/odamn.fr\/index.php?rest_route=\/wp\/v2\/pages"}],"about":[{"href":"https:\/\/odamn.fr\/index.php?rest_route=\/wp\/v2\/types\/page"}],"author":[{"embeddable":true,"href":"https:\/\/odamn.fr\/index.php?rest_route=\/wp\/v2\/users\/1"}],"replies":[{"embeddable":true,"href":"https:\/\/odamn.fr\/index.php?rest_route=%2Fwp%2Fv2%2Fcomments&post=239"}],"version-history":[{"count":19,"href":"https:\/\/odamn.fr\/index.php?rest_route=\/wp\/v2\/pages\/239\/revisions"}],"predecessor-version":[{"id":697,"href":"https:\/\/odamn.fr\/index.php?rest_route=\/wp\/v2\/pages\/239\/revisions\/697"}],"wp:attachment":[{"href":"https:\/\/odamn.fr\/index.php?rest_route=%2Fwp%2Fv2%2Fmedia&parent=239"}],"curies":[{"name":"wp","href":"https:\/\/api.w.org\/{rel}","templated":true}]}}